{"id":76660,"date":"2024-02-19T12:42:10","date_gmt":"2024-02-19T17:42:10","guid":{"rendered":"https:\/\/info.simax.fr\/editeur-de-progiciel-a-ivry-sur-seine\/"},"modified":"2024-02-19T12:42:10","modified_gmt":"2024-02-19T17:42:10","slug":"editeur-de-progiciel-a-ivry-sur-seine","status":"publish","type":"page","link":"https:\/\/info.simax.fr\/?page_id=76660","title":{"rendered":"\u00c9diteur de progiciel \u00e0 Ivry-sur-Seine"},"content":{"rendered":"\n<div class=\"block-image\">\n\n\n\n<figure class=\"wp-block-image size-full\"><img loading=\"lazy\" decoding=\"async\" width=\"170\" height=\"221\" src=\"https:\/\/info.simax.fr\/wp-content\/uploads\/2023\/12\/Simax-gestion-d-entreprise.png\" alt=\"Simax gestion d entreprise\" class=\"wp-image-76551\"\/><\/figure>\n\n\n\n<p>\u00c9diteur de progiciel \u00e0 Ivry-sur-Seine &#8211; \u00c0 propos de Simax<\/p>\n\n\n\n<\/div>\n\n\n\n<h2 class=\"wp-block-heading\"><strong>\u00c9diteur de progiciel \u00e0 Ivry-sur-Seine<\/strong> &#8211; <strong>\u00c0 propos de Simax<\/strong><\/h2>\n\n\n\n<h3 class=\"wp-block-heading\"><strong>Qui est Simax ?<\/strong><\/h3>\n\n\n\n<p>\u00c9diteur de progiciel \u00e0 Ivry-sur-Seine &#8211; Simax, fond\u00e9e \u00e0 Montpellier en 2006, est le&nbsp;<strong>leader mondial des ERP-CRM no code<\/strong>. Avec une expansion mondiale en cours, notre expertise s\u2019\u00e9tend en France, au Canada et en Afrique.<\/p>\n\n\n\n<p>Nous nous d\u00e9marquons par notre adaptabilit\u00e9. En offrant des solutions souples et personnalisables pour toutes les entreprises, de la TPE au grand groupe, nous atteignons un&nbsp;<strong>taux de r\u00e9ussite projet de 96%<\/strong>&nbsp;sur 15 ans, l\u00e0 o\u00f9 la moyenne du march\u00e9 se situe \u00e0 50% pour les EPR et 30% pour les CRM.<\/p>\n\n\n\n<p>SIMAX est commercialis\u00e9 et install\u00e9 par des partenaires int\u00e9grateurs qui ont \u00e9t\u00e9 rigoureusement s\u00e9lectionn\u00e9s et form\u00e9s pour apporter \u00e0 nos clients un&nbsp;<strong>accompagnement de qualit\u00e9<\/strong>&nbsp;et des orientations organisationnelles.<\/p>\n\n\n\n<p>De plus, en tant que&nbsp;<strong>soci\u00e9t\u00e9 \u00e0 missions<\/strong>, nous \u0153uvrons pour r\u00e9duire la fracture num\u00e9rique et promouvoir l\u2019\u00e9galit\u00e9 des sexes dans le domaine informatique.<\/p>\n\n\n\n<h3 class=\"wp-block-heading\"><strong>Notre mission et nos valeurs<\/strong><\/h3>\n\n\n\n<p>\u00c9diteur de progiciel \u00e0 Ivry-sur-Seine &#8211; Notre mission est de faciliter la croissance et le succ\u00e8s des entreprises de la r\u00e9gion en leur fournissant des&nbsp;<strong>solutions de gestion puissantes et flexibles<\/strong>.&nbsp;<\/p>\n\n\n\n<p>Nous croyons que chaque entreprise est unique, c\u2019est pourquoi nous adoptons une&nbsp;<strong>approche personnalis\u00e9e<\/strong>&nbsp;et prenons en compte les d\u00e9fis et les objectifs de nos clients.&nbsp;<\/p>\n\n\n\n<h3 class=\"wp-block-heading\"><strong>Notre engagement<\/strong><\/h3>\n\n\n\n<p>\u00c9diteur de progiciel \u00e0 Ivry-sur-Seine &#8211; Nous nous effor\u00e7ons de contribuer au d\u00e9veloppement \u00e9conomique local en aidant les entreprises \u00e0 prosp\u00e9rer gr\u00e2ce \u00e0 nos&nbsp;<strong>solutions de gestion performantes<\/strong>.&nbsp;<\/p>\n\n\n\n<p>Notre connaissance approfondie du tissu \u00e9conomique local nous permet d\u2019apporter des r\u00e9ponses<strong>&nbsp;adapt\u00e9es aux sp\u00e9cificit\u00e9s<\/strong>&nbsp;et aux enjeux.<\/p>\n\n\n\n<p>Notre \u00e9quipe d\u00e9vou\u00e9e est toujours pr\u00eate \u00e0&nbsp;<strong>aider nos clients&nbsp;<\/strong>\u00e0 optimiser leurs processus, \u00e0 am\u00e9liorer leur efficacit\u00e9 op\u00e9rationnelle et \u00e0 atteindre leurs objectifs commerciaux.<\/p>\n\n\n\n<div class=\"cta\">\n\n\n\n<p><a href=\"https:\/\/www.simax.fr\/\" data-type=\"link\" data-id=\"https:\/\/www.simax.fr\/\" target=\"_blank\" rel=\"noopener\">En <\/a><a href=\"https:\/\/www.simax.fr\/\" data-type=\"link\" data-id=\"https:\/\/www.simax.fr\/\" target=\"_blank\" rel=\"noreferrer noopener\">savoir <\/a><a href=\"https:\/\/www.simax.fr\/\" data-type=\"link\" data-id=\"https:\/\/www.simax.fr\/\" target=\"_blank\" rel=\"noopener\">plus<\/a><\/p>\n\n\n\n<\/div>\n\n\n\n<p><\/p>\n\n\n\n<div class=\"block-image\">\n\n\n\n<figure class=\"wp-block-image size-full\"><img loading=\"lazy\" decoding=\"async\" width=\"170\" height=\"221\" src=\"https:\/\/info.simax.fr\/wp-content\/uploads\/2023\/12\/Simax-gestion-d-entreprise.png\" alt=\"Simax gestion d entreprise\" class=\"wp-image-76551\"\/><\/figure>\n\n\n\n<p>\u00c9diteur de progiciel \u00e0 Ivry-sur-Seine &#8211; Notre expertise<\/p>\n\n\n\n<\/div>\n\n\n\n<h2 class=\"wp-block-heading\"><strong>\u00c9diteur de progiciel \u00e0 Ivry-sur-Seine<\/strong> &#8211; <strong>Notre expertise<\/strong><\/h2>\n\n\n\n<h3 class=\"wp-block-heading\"><strong>SIMAX ERP-CRM : la solution compl\u00e8te pour les entreprises \u00e0 Ivry-sur-Seine<\/strong><\/h3>\n\n\n\n<p>\u00c9diteur de progiciel \u00e0 Ivry-sur-Seine &#8211; SIMAX ERP-CRM est con\u00e7u pour les entreprises qui recherchent une<strong>&nbsp;solution compl\u00e8te et int\u00e9gr\u00e9e<\/strong>&nbsp;pour g\u00e9rer efficacement leurs processus m\u00e9tiers. Avec elle, vous pouvez g\u00e9rer tous les aspects de votre entreprise, de la gestion des ventes et des achats \u00e0 la comptabilit\u00e9, en passant par la gestion des ressources humaines et la relation client.&nbsp;<\/p>\n\n\n\n<p>Notre syst\u00e8me ERP-CRM offre une flexibilit\u00e9 totale, permettant une&nbsp;<strong>personnalisation facile<\/strong>&nbsp;sans n\u00e9cessiter de programmation, gr\u00e2ce \u00e0 notre approche 100% no-code.<\/p>\n\n\n\n<h3 class=\"wp-block-heading\"><strong><strong>SIMAX Starter : la solution SaaS adapt\u00e9e aux petites entreprises<\/strong><\/strong><\/h3>\n\n\n\n<p>\u00c9diteur de progiciel \u00e0 Ivry-sur-Seine \u2013 SIMAX Starter est sp\u00e9cialement pens\u00e9 pour les petites entreprises qui cherchent une&nbsp;<strong>solution simple<\/strong>, mais puissante, pour optimiser leur&nbsp;<strong>gestion quotidienne<\/strong>&nbsp;avec facilit\u00e9, gr\u00e2ce \u00e0 notre solution compos\u00e9e de plus de 20 modules adapt\u00e9s.<\/p>\n\n\n\n<p>En tant que solution SaaS (Software-as-a-Service), SIMAX Starter est facile \u00e0 mettre en \u0153uvre et ne n\u00e9cessite aucune installation complexe. G\u00e9rez vos ventes, vos stocks, vos clients et bien plus encore avec&nbsp;<strong>facilit\u00e9&nbsp;<\/strong>gr\u00e2ce \u00e0 notre solution adapt\u00e9e aux besoins des petites structures.<\/p>\n\n\n\n<h3 class=\"wp-block-heading\"><strong><strong>SIMAX CRM : la solution pour g\u00e9rer la relation client&nbsp;<\/strong><\/strong><\/h3>\n\n\n\n<p>\u00c9diteur de progiciel \u00e0 Ivry-sur-Seine \u2013 La&nbsp;<strong>gestion de la relation client&nbsp;<\/strong>est cruciale pour le succ\u00e8s de toute entreprise. Avec SIMAX CRM, les entreprises b\u00e9n\u00e9ficient d\u2019une solution compl\u00e8te. Suivez vos actions marketing, g\u00e9rez vos campagnes et pilotez vos ventes de mani\u00e8re efficace.&nbsp;<\/p>\n\n\n\n<p>Notre solution CRM est&nbsp;<strong>hautement adaptable<\/strong>&nbsp;et vous permet de personnaliser les interactions avec vos clients pour renforcer leur fid\u00e9lit\u00e9 et leur satisfaction.<\/p>\n\n\n\n<h3 class=\"wp-block-heading\"><strong><strong>SIMAX Formation : la solution adapt\u00e9e aux organismes de formation et leurs sous-traitants<\/strong><\/strong><\/h3>\n\n\n\n<p>\u00c9diteur de progiciel \u00e0 Ivry-sur-Seine \u2013 SIMAX Formation est une solution ERP&nbsp;<strong>d\u00e9di\u00e9e au secteur de la formation<\/strong>&nbsp;professionnelle. G\u00e9rez le<strong>&nbsp;<\/strong>volet&nbsp;<strong>administratif&nbsp;<\/strong>avec facilit\u00e9, tout en offrant une&nbsp;<strong>exp\u00e9rience d\u2019apprentissage<\/strong>&nbsp;de qualit\u00e9 \u00e0 vos apprenants.&nbsp;<\/p>\n\n\n\n<p>Suivez vos programmes de formation, planifiez vos cours, \u00e9valuez les comp\u00e9tences de vos apprenants et simplifiez votre gestion administrative gr\u00e2ce \u00e0 notre solution sp\u00e9cialement con\u00e7ue pour r\u00e9pondre aux besoins des&nbsp;<a href=\"https:\/\/www.pole-emploi.fr\/candidat\/en-formation\/definir-vos-besoins\/page.html\" target=\"_blank\" rel=\"noreferrer noopener\">organismes de formation<\/a>.<\/p>\n\n\n\n<div class=\"cta\">\n\n\n\n<p><a href=\"https:\/\/www.simax.fr\/\" data-type=\"link\" data-id=\"https:\/\/www.simax.fr\/\" target=\"_blank\" rel=\"noopener\">En <\/a><a href=\"https:\/\/www.simax.fr\/\" data-type=\"link\" data-id=\"https:\/\/www.simax.fr\/\" target=\"_blank\" rel=\"noreferrer noopener\">savoir <\/a><a href=\"https:\/\/www.simax.fr\/\" data-type=\"link\" data-id=\"https:\/\/www.simax.fr\/\" target=\"_blank\" rel=\"noopener\">plus<\/a><\/p>\n\n\n\n<\/div>\n\n\n\n<p><\/p>\n\n\n\n<div class=\"block-image\">\n\n\n\n<figure class=\"wp-block-image size-full\"><img loading=\"lazy\" decoding=\"async\" width=\"170\" height=\"221\" src=\"https:\/\/info.simax.fr\/wp-content\/uploads\/2023\/12\/Simax-gestion-d-entreprise.png\" alt=\"Simax gestion d entreprise\" class=\"wp-image-76551\"\/><\/figure>\n\n\n\n<p>\u00c9diteur de progiciel \u00e0 Ivry-sur-Seine &#8211; Les avantages \u00e0 choisir Simax<\/p>\n\n\n\n<\/div>\n\n\n\n<h2 class=\"wp-block-heading\"><strong>\u00c9diteur de progiciel \u00e0 Ivry-sur-Seine<\/strong> &#8211; <strong>Les avantages \u00e0 choisir Simax<\/strong><\/h2>\n\n\n\n<h3 class=\"wp-block-heading\"><strong><strong>Flexibilit\u00e9 et personnalisation avec le no-code, notre particularit\u00e9<\/strong><\/strong><\/h3>\n\n\n\n<p>\u00c9diteur de progiciel \u00e0 Ivry-sur-Seine \u2013 Nous mettons \u00e0 votre disposition la puissance du no-code pour vous offrir une<strong>&nbsp;flexibilit\u00e9 in\u00e9gal\u00e9e<\/strong>&nbsp;dans la&nbsp;<strong>personnalisation&nbsp;<\/strong>de nos solutions. Vous pouvez adapter nos logiciels \u00e0 vos besoins sp\u00e9cifiques sans avoir besoin de comp\u00e9tences en programmation.&nbsp;<\/p>\n\n\n\n<p>Modifiez et configurez facilement les fonctionnalit\u00e9s selon vos processus m\u00e9tiers uniques et faites en sorte que nos solutions fonctionnent exactement comme vous le souhaitez.<\/p>\n\n\n\n<h3 class=\"wp-block-heading\"><strong><strong>Rapidit\u00e9 de mise en place des projets, un vrai plus<\/strong><\/strong><\/h3>\n\n\n\n<p>\u00c9diteur de progiciel \u00e0 Ivry-sur-Seine \u2013 Editeur de progiciel de la grande couronne parisienne \u2013 Chez Simax, nous comprenons que le temps est un facteur crucial pour les entreprises. C\u2019est pourquoi nos solutions sont con\u00e7ues pour \u00eatre<strong>&nbsp;mises en place<\/strong>&nbsp;rapidement et efficacement.&nbsp;<\/p>\n\n\n\n<p>Gr\u00e2ce \u00e0 notre approche no-code, les modifications et les \u00e9volutions peuvent \u00eatre impl\u00e9ment\u00e9es jusqu\u2019\u00e0&nbsp;<strong>20 fois plus<\/strong>&nbsp;<strong>rapidement&nbsp;<\/strong>qu\u2019avec une approche de d\u00e9veloppement traditionnelle. Vous pouvez donc d\u00e9marrer vos projets plus rapidement et obtenir des r\u00e9sultats tangibles en un&nbsp;<strong>temps record<\/strong>.<\/p>\n\n\n\n<h3 class=\"wp-block-heading\"><strong><strong>Compatibilit\u00e9 avec une multitude de technologies diverses et fig\u00e9es<\/strong><\/strong><\/h3>\n\n\n\n<p>\u00c9diteur de progiciel \u00e0 Ivry-sur-Seine \u2013 Editeur de progiciel de la grande couronne parisienne \u2013 Nous savons que votre entreprise utilise d\u00e9j\u00e0 plusieurs outils et technologies pour optimiser ses op\u00e9rations. C\u2019est pourquoi nos solutions SIMAX<strong>&nbsp;s\u2019int\u00e8grent ais\u00e9ment<\/strong>&nbsp;avec une vari\u00e9t\u00e9 d\u2019<strong>applications tierces<\/strong>.&nbsp;<\/p>\n\n\n\n<p>Que ce soit pour la gestion de la messagerie, la comptabilit\u00e9, la paie, la g\u00e9olocalisation ou d\u2019autres fonctions, vous pouvez relier nos solutions \u00e0 vos syst\u00e8mes existants pour une efficacit\u00e9 maximale.<\/p>\n\n\n\n<h3 class=\"wp-block-heading\"><strong><strong>Un r\u00e9seau de partenaires locaux pour un accompagnement sur mesure<\/strong><\/strong><\/h3>\n\n\n\n<p>\u00c9diteur de progiciel \u00e0 Ivry-sur-Seine \u2013 Editeur de progiciel de la grande couronne parisienne \u2013 Chez Simax, nous sommes profond\u00e9ment enracin\u00e9s sur le territoire fran\u00e7ais et nous sommes fiers de travailler en \u00e9troite collaboration avec des partenaires locaux.<\/p>\n\n\n\n<p>Que ce soit pour des<strong>&nbsp;conseils d\u2019experts, des formations sp\u00e9cialis\u00e9es ou un soutien technique<\/strong>, notre \u00e9quipe locale est pr\u00eate \u00e0 r\u00e9pondre \u00e0 vos besoins sp\u00e9cifiques et \u00e0 vous aider \u00e0 tirer le meilleur parti de nos solutions.<\/p>\n\n\n\n<div class=\"cta\">\n\n\n\n<p><a href=\"https:\/\/www.simax.fr\/\" data-type=\"link\" data-id=\"https:\/\/www.simax.fr\/\" target=\"_blank\" rel=\"noopener\">En <\/a><a href=\"https:\/\/www.simax.fr\/\" data-type=\"link\" data-id=\"https:\/\/www.simax.fr\/\" target=\"_blank\" rel=\"noreferrer noopener\">savoir <\/a><a href=\"https:\/\/www.simax.fr\/\" data-type=\"link\" data-id=\"https:\/\/www.simax.fr\/\" target=\"_blank\" rel=\"noopener\">plus<\/a><\/p>\n\n\n\n<\/div>\n\n\n\n<p><\/p>\n\n\n\n<div class=\"block-image\">\n\n\n\n<figure class=\"wp-block-image size-full\"><img loading=\"lazy\" decoding=\"async\" width=\"170\" height=\"221\" src=\"https:\/\/info.simax.fr\/wp-content\/uploads\/2023\/12\/Simax-gestion-d-entreprise.png\" alt=\"Simax gestion d entreprise\" class=\"wp-image-76551\"\/><\/figure>\n\n\n\n<p>\u00c9diteur de progiciel \u00e0 Ivry-sur-Seine &#8211; <strong>Nos services et support technique<\/strong><\/p>\n\n\n\n<\/div>\n\n\n\n<h2 class=\"wp-block-heading\"><strong>\u00c9diteur de progiciel \u00e0 Ivry-sur-Seine &#8211; Nos services et support technique<\/strong><\/h2>\n\n\n\n<h3 class=\"wp-block-heading\"><strong>Assistance technique r\u00e9active pour satisfaire nos clients<\/strong><\/h3>\n\n\n\n<p>\u00c9diteur de progiciel \u00e0 Ivry-sur-Seine \u2013 Chez Simax, notre \u00e9quipe d\u2019experts du service support est disponible du lundi au vendredi, de 8h-18h non-stop.<\/p>\n\n\n\n<p>Vous pouvez&nbsp;<strong>nous contacter<\/strong>&nbsp;par :&nbsp;&nbsp;<\/p>\n\n\n\n<ul class=\"wp-block-list\">\n<li>Votre espace Extranet d\u00e9di\u00e9 en cliquant sur \u201cSupport\u201d<\/li>\n\n\n\n<li>Mail \u00e0 l\u2019adresse suivante :&nbsp;<a href=\"mailto:support@simax.fr\">support@simax.fr<\/a><\/li>\n\n\n\n<li>T\u00e9l\u00e9phone au : +33 (0)8 06 11 00 34.<\/li>\n<\/ul>\n\n\n\n<h3 class=\"wp-block-heading\"><strong><strong>Formation et accompagnement pour une utilisation optimale<\/strong><\/strong><\/h3>\n\n\n\n<p>\u00c9diteur de progiciel \u00e0 Ivry-sur-Seine \u2013 Nous proposons des<strong>&nbsp;formations en pr\u00e9sentiel ou en visioconf\u00e9rence<\/strong>&nbsp;pour vous aider \u00e0 ma\u00eetriser l\u2019outil et \u00e0 l\u2019int\u00e9grer efficacement dans votre entreprise. Nos experts vous guideront \u00e0 travers toutes les fonctionnalit\u00e9s cl\u00e9s, vous permettant de tirer le meilleur parti de notre solution SIMAX ERP-CRM.<\/p>\n\n\n\n<p>Vous avez \u00e9galement acc\u00e8s \u00e0 des&nbsp;<strong>ressources&nbsp;<\/strong>regroup\u00e9es en 4 cat\u00e9gories : la d\u00e9couverte de SIMAX et du No Code, les trucs et astuces de gestion, le param\u00e9trage, et les WebiMAX.&nbsp;<\/p>\n\n\n\n<p>Enfin, nous vous offrons une&nbsp;<strong>formation gratuite<\/strong>&nbsp;de 3 heures sur le no-code. Si vous \u00eates int\u00e9ress\u00e9, il suffit de s\u2019inscrire \u00e0 la prochaine session en ligne. Ainsi, vous \u00eates en mesure de maximiser votre productivit\u00e9 et d\u2019atteindre vos objectifs plus rapidement.<\/p>\n\n\n\n<h3 class=\"wp-block-heading\"><strong><strong>TESTEZ NOTRE SOLUTION : gagnez un temps pr\u00e9cieux<\/strong><\/strong><\/h3>\n\n\n\n<p>\u00c9diteur de progiciel \u00e0 Ivry-sur-Seine \u2013 Nous sommes convaincus que notre solution SIMAX ERP-CRM r\u00e9pond parfaitement aux besoins de votre entreprise. C\u2019est pourquoi nous vous offrons la possibilit\u00e9 de la&nbsp;<strong>tester gratuitement<\/strong>&nbsp;d\u00e8s maintenant !&nbsp;<\/p>\n\n\n\n<p>Profitez d\u2019<strong>un mois d\u2019essai sans engagement&nbsp;<\/strong>en remplissant le formulaire en bas de&nbsp;<a href=\"https:\/\/www.simax.fr\/nos-solutions-simax-erp\/\" target=\"_blank\" rel=\"noreferrer noopener\">cette page.<\/a>&nbsp;D\u00e9couvrez par vous-m\u00eame comment SIMAX ERP-CRM peut optimiser vos op\u00e9rations, am\u00e9liorer votre gestion d\u2019entreprise et vous faire gagner du temps pr\u00e9cieux.<\/p>\n\n\n\n<p>Si vous souhaitez nous rendre visite chez Simax, rendez-vous&nbsp;<a href=\"https:\/\/info.simax.fr\/\">ici<\/a>.<\/p>\n\n\n\n<div class=\"cta\">\n\n\n\n<p><a href=\"https:\/\/www.simax.fr\/\" data-type=\"link\" data-id=\"https:\/\/www.simax.fr\/\" target=\"_blank\" rel=\"noopener\">En <\/a><a href=\"https:\/\/www.simax.fr\/\" data-type=\"link\" data-id=\"https:\/\/www.simax.fr\/\" target=\"_blank\" rel=\"noreferrer noopener\">savoir <\/a><a href=\"https:\/\/www.simax.fr\/\" data-type=\"link\" data-id=\"https:\/\/www.simax.fr\/\" target=\"_blank\" rel=\"noopener\">plus<\/a><\/p>\n\n\n\n<\/div>\n\n\n\n<p><\/p>\n\n\n\n<figure class=\"wp-block-image size-large\"><img loading=\"lazy\" decoding=\"async\" width=\"1024\" height=\"243\" src=\"https:\/\/info.simax.fr\/wp-content\/uploads\/2023\/12\/THUMBNAIL_HACK_YOUTUBE_SIMAX_01-1024x243.png\" alt=\"SIMAX STARTER la solution\" class=\"wp-image-76533\" srcset=\"https:\/\/info.simax.fr\/wp-content\/uploads\/2023\/12\/THUMBNAIL_HACK_YOUTUBE_SIMAX_01-1024x243.png 1024w, https:\/\/info.simax.fr\/wp-content\/uploads\/2023\/12\/THUMBNAIL_HACK_YOUTUBE_SIMAX_01-300x71.png 300w, https:\/\/info.simax.fr\/wp-content\/uploads\/2023\/12\/THUMBNAIL_HACK_YOUTUBE_SIMAX_01-768x183.png 768w, https:\/\/info.simax.fr\/wp-content\/uploads\/2023\/12\/THUMBNAIL_HACK_YOUTUBE_SIMAX_01.png 1300w\" sizes=\"auto, (max-width: 1024px) 100vw, 1024px\" \/><\/figure>\n\n\n\n<h2 class=\"wp-block-heading\"><strong>Ne manquez plus nos prochains Live YouTube<\/strong><\/h2>\n\n\n\n<h3 class=\"wp-block-heading\">Plongez dans l\u2019innovation : rejoignez Simax sur Youtube<\/h3>\n\n\n\n<p>Notre mission est claire : simplifier vos op\u00e9rations, vous faire gagner un temps pr\u00e9cieux et d\u00e9cupler votre productivit\u00e9.<\/p>\n\n\n\n<p>Inscrivez-vous \u00e0 notre prochain \u00e9v\u00e8nement Live pour explorer les possibilit\u00e9s que Simax pourrait offrir \u00e0 votre entreprise. Rejoignez-nous sur&nbsp;<a href=\"https:\/\/www.youtube.com\/@SIMAX-ERPCRM\" target=\"_blank\" rel=\"noreferrer noopener\">Youtube<\/a>&nbsp;pour d\u00e9couvrir des d\u00e9monstrations concr\u00e8tes et les t\u00e9moignages de nos clients ! C\u2019est l\u2019occasion de reprendre le contr\u00f4le de la gestion de votre entreprise, sans avoir \u00e0 vous soucier des complications techniques.<\/p>\n","protected":false},"excerpt":{"rendered":"<p>\u00c9diteur de progiciel \u00e0 Ivry-sur-Seine &#8211; \u00c0 propos de Simax \u00c9diteur de progiciel \u00e0 Ivry-sur-Seine &#8211; \u00c0 propos de Simax Qui est Simax ? \u00c9diteur de progiciel \u00e0 Ivry-sur-Seine &#8211; Simax, fond\u00e9e \u00e0 Montpellier en 2006, est le&nbsp;leader mondial des ERP-CRM no code. Avec une expansion mondiale en cours, notre expertise s\u2019\u00e9tend en France, au [&hellip;]<\/p>\n","protected":false},"author":0,"featured_media":0,"parent":0,"menu_order":0,"comment_status":"closed","ping_status":"closed","template":"page-templates\/satellite.php","meta":{"inline_featured_image":false,"footnotes":""},"class_list":["post-76660","page","type-page","status-publish","hentry"],"acf":[],"_links":{"self":[{"href":"https:\/\/info.simax.fr\/index.php?rest_route=\/wp\/v2\/pages\/76660","targetHints":{"allow":["GET"]}}],"collection":[{"href":"https:\/\/info.simax.fr\/index.php?rest_route=\/wp\/v2\/pages"}],"about":[{"href":"https:\/\/info.simax.fr\/index.php?rest_route=\/wp\/v2\/types\/page"}],"replies":[{"embeddable":true,"href":"https:\/\/info.simax.fr\/index.php?rest_route=%2Fwp%2Fv2%2Fcomments&post=76660"}],"version-history":[{"count":0,"href":"https:\/\/info.simax.fr\/index.php?rest_route=\/wp\/v2\/pages\/76660\/revisions"}],"wp:attachment":[{"href":"https:\/\/info.simax.fr\/index.php?rest_route=%2Fwp%2Fv2%2Fmedia&parent=76660"}],"curies":[{"name":"wp","href":"https:\/\/api.w.org\/{rel}","templated":true}]}}